{"id":1063,"date":"2025-11-11T22:03:41","date_gmt":"2025-11-11T21:03:41","guid":{"rendered":"https:\/\/bprot.com\/?page_id=1063"},"modified":"2025-11-12T00:55:25","modified_gmt":"2025-11-11T23:55:25","slug":"medimos","status":"publish","type":"page","link":"https:\/\/bprot.com\/en\/medimos\/","title":{"rendered":"We measured"},"content":{"rendered":"<div class=\"wp-block-stackable-columns alignfull stk-block-columns stk-block stk-3fd5620 stk-block-background stk--has-background-overlay\" data-block-id=\"3fd5620\"><style>.stk-3fd5620 {background-image:url(https:\/\/bprot.com\/wp-content\/uploads\/2025\/09\/cabecera-2.webp) !important;min-height:var(--stk--preset--block-height--none, 0px) !important;padding-top:0px !important;padding-right:0px !important;padding-bottom:0px !important;padding-left:0px !important;margin-top:-200px !important;margin-bottom:var(--stk--preset--spacing--none, 0px) !important;}.stk-3fd5620-column{--stk-column-gap:35px !important;}<\/style><div class=\"stk-row stk-inner-blocks stk-block-content stk-content-align stk-3fd5620-column\">\n<div class=\"wp-block-stackable-column stk-block-column stk-column stk-block stk-5ee2a41\" data-v=\"4\" data-block-id=\"5ee2a41\"><style>.stk-5ee2a41-container{margin-top:var(--stk--preset--spacing--none, 0px) !important;margin-right:var(--stk--preset--spacing--none, 0px) !important;margin-bottom:var(--stk--preset--spacing--none, 0px) !important;margin-left:var(--stk--preset--spacing--none, 0px) !important;min-height:var(--stk--preset--block-height--none, 0px) !important;}.stk-5ee2a41-inner-blocks{column-gap:29px !important;}.stk-5ee2a41 {min-height:var(--stk--preset--block-height--x-large, 24rem) !important;}@media screen and (min-width:690px){.stk-5ee2a41 {flex:var(--stk-flex-grow, 1) 1 calc(45% - var(--stk-column-gap, 0px) * 1 \/ 2 ) !important;}}<\/style><div class=\"stk-column-wrapper stk-block-column__content stk-container stk-5ee2a41-container stk--no-background stk--no-padding\"><div class=\"stk--block-horizontal-flex stk-block-content stk-inner-blocks stk-5ee2a41-inner-blocks\"><\/div><\/div><\/div>\n\n\n\n<div class=\"wp-block-stackable-column stk-block-column stk-column stk-block stk-4ac8693\" data-v=\"4\" data-block-id=\"4ac8693\"><style>@media screen and (min-width:690px){.stk-4ac8693 {flex:var(--stk-flex-grow, 1) 1 calc(55% - var(--stk-column-gap, 0px) * 1 \/ 2 ) !important;}}<\/style><div class=\"stk-column-wrapper stk-block-column__content stk-container stk-4ac8693-container stk--no-background stk--no-padding\"><div class=\"stk-block-content stk-inner-blocks stk-4ac8693-inner-blocks\"><\/div><\/div><\/div>\n<\/div><\/div>\n\n\n\n<div class=\"wp-block-media-text is-stacked-on-mobile\"><figure class=\"wp-block-media-text__media\"><img loading=\"lazy\" decoding=\"async\" width=\"410\" height=\"289\" src=\"https:\/\/bprot.com\/wp-content\/uploads\/2025\/10\/medir2.webp\" alt=\"medir\" class=\"wp-image-978 size-full\" srcset=\"https:\/\/bprot.com\/wp-content\/uploads\/2025\/10\/medir2.webp 410w, https:\/\/bprot.com\/wp-content\/uploads\/2025\/10\/medir2-300x211.webp 300w\" sizes=\"auto, (max-width: 410px) 100vw, 410px\" \/><\/figure><div class=\"wp-block-media-text__content\">\n<p class=\"has-x-large-font-size\"><strong><span style=\"color: #ff6900;\" class=\"stk-highlight\">We Measure:<\/span> turning security into measurable results<\/strong><\/p>\n<\/div><\/div>\n\n\n\n<p><span style=\"color: var(--theme-palette-color-3, #4d5d6d);\" class=\"stk-highlight\">In most organisations, cybersecurity is often perceived as a cost or an obligation. However, when managed correctly, it becomes a strategic investment that delivers tangible value.<\/span><\/p>\n\n\n\n<p><span style=\"color: var(--theme-palette-color-3, #4d5d6d);\" class=\"stk-highlight\">The challenge lies in being able to <strong>measure its real impact:<\/strong>how protected is your company? what risks are being reduced? how does your security level evolve over time?<\/span><\/p>\n\n\n\n<p><strong>Bprot<\/strong> answers these questions with clarity and concrete data.<br>Our platform allows you to <strong>measure the performance of your cybersecurity strategy,<\/strong>translating technical information into indicators that any decision-maker can understand.<\/p>\n\n\n\n<h3 class=\"wp-block-heading\"><strong><span style=\"color: var(--theme-palette-color-3, #4d5d6d);\" class=\"stk-highlight\">How we do it<\/span><\/strong><\/h3>\n\n\n\n<p><span style=\"color: var(--theme-palette-color-3, #4d5d6d);\" class=\"stk-highlight\"><strong>Bprot<\/strong> gathers real-time metrics on the key security aspects of your organisation: threat detection, response times, policy compliance, resolved vulnerabilities, avoided incidents, among others.<\/span><\/p>\n\n\n\n<p><span style=\"color: var(--theme-palette-color-3, #4d5d6d);\" class=\"stk-highlight\">These data are presented in visual dashboards and executive reports that clearly show <strong>what is working, what needs attention and how your security posture evolves.<\/strong>.<\/span><\/p>\n\n\n\n<p>The result: a quantifiable and continuous view of your digital infrastructure\u2019s performance, with the possibility to adjust decisions based on evidence, not perceptions.<\/p>\n\n\n\n<h3 class=\"wp-block-heading\"><strong><span style=\"color: var(--theme-palette-color-3, #4d5d6d);\" class=\"stk-highlight\">Why choose BPROT<\/span><\/strong><\/h3>\n\n\n\n<ul class=\"wp-block-list\">\n<li class=\"has-palette-color-3-color has-text-color has-link-color wp-elements-58d5f29639de57c602b1ff3fb26137c0\"><strong>Clear indicators:<\/strong> visualise key security and performance metrics in real time.<\/li>\n\n\n\n<li><strong>Strategic analysis:<\/strong> transform technical information into insights for management and direction.<\/li>\n\n\n\n<li><strong>Informed decision-making:<\/strong> identify improvement opportunities and prioritise investments.<\/li>\n\n\n\n<li class=\"has-palette-color-3-color has-text-color has-link-color wp-elements-87275eeb114a122cd1074d6ae3ae48f6\"><strong>Total transparency:<\/strong> demonstrate results to audits, clients or boards with verifiable data.<\/li>\n<\/ul>\n\n\n\n<p><span style=\"color: var(--theme-palette-color-3, #4d5d6d);\" class=\"stk-highlight\">o measure is to understand, and to understand is to improve.<\/span><\/p>\n\n\n\n<p>Whith <strong>Bprot<\/strong>, your company moves from reactive management to a data-based strategy, capable of justifying investments, optimising resources and raising protection levels continuously.<\/p>\n\n\n\n<div class=\"wp-block-stackable-text stk-block-text stk-block stk-e7e862f stk-block-background\" data-block-id=\"e7e862f\"><style>.stk-e7e862f {background-color:#ff6900 !important;}.stk-e7e862f:before{background-color:#ff6900 !important;}.stk-e7e862f .stk-block-text__text{font-size:var(--stk--preset--font-size--large, 30px) !important;}@media screen and (max-width:999px){.stk-e7e862f .stk-block-text__text{font-size:var(--stk--preset--font-size--large, 30px) !important;}}<\/style><p class=\"stk-block-text__text\"><strong><span style=\"color: #fffffe;\" class=\"stk-highlight\">Measure the real value of your cybersecurity with BPROT<\/span><\/strong><\/p><\/div>\n\n\n\n<p class=\"has-medium-font-size\"><strong><span style=\"color: var(--theme-palette-color-3, #4d5d6d);\" class=\"stk-highlight\">Request a personalised presentation and discover how our indicators help you demonstrate, with data, the impact of your security decisions.<\/span><\/strong><\/p>\n\n\n\n<div class=\"wp-block-stackable-button-group stk-block-button-group stk-block stk-dc0fafc\" data-block-id=\"dc0fafc\"><div class=\"stk-row stk-inner-blocks stk-block-content stk-button-group\">\n<div class=\"wp-block-stackable-button stk-block-button stk-block stk-c8747f9\" data-block-id=\"c8747f9\"><a class=\"stk-link stk-button stk--hover-effect-darken\" href=\"https:\/\/bprot.com\/en\/agenda\/\"><span class=\"stk-button__inner-text\">SCHEDULE MEETING<\/span><\/a><\/div>\n<\/div><\/div>\n\n\n\n<div class=\"wp-block-stackable-columns stk-block-columns stk-block stk-fcb86a8\" data-block-id=\"fcb86a8\"><div class=\"stk-row stk-inner-blocks stk-block-content stk-content-align stk-fcb86a8-column\">\n<div class=\"wp-block-stackable-column stk-block-column stk-column stk-block stk-710dc9f\" data-v=\"4\" data-block-id=\"710dc9f\"><div class=\"stk-column-wrapper stk-block-column__content stk-container stk-710dc9f-container stk--no-background stk--no-padding\"><div class=\"stk-block-content stk-inner-blocks stk-710dc9f-inner-blocks\">\n<div class=\"wp-block-stackable-card stk-block-card stk-block stk-c8a9027 is-style-default\" data-v=\"2\" data-block-id=\"c8a9027\"><div class=\"stk--no-padding stk-container stk-c8a9027-container stk-hover-parent\"><figure class=\"stk-block-card__image stk-img-wrapper stk-image--shape-stretch\"><img loading=\"lazy\" decoding=\"async\" class=\"stk-img wp-image-971\" src=\"https:\/\/bprot.com\/wp-content\/uploads\/2025\/10\/visualizar1.webp\" width=\"410\" height=\"289\" alt=\"visualizar\" srcset=\"https:\/\/bprot.com\/wp-content\/uploads\/2025\/10\/visualizar1.webp 410w, https:\/\/bprot.com\/wp-content\/uploads\/2025\/10\/visualizar1-300x211.webp 300w\" sizes=\"auto, (max-width: 410px) 100vw, 410px\" \/><\/figure><div class=\"stk-container-padding stk-block-card__content\"><div class=\"stk-block-content stk-inner-blocks stk-c8a9027-inner-blocks\">\n<div class=\"wp-block-stackable-subtitle stk-block-subtitle stk-block stk-db0c421\" data-block-id=\"db0c421\"><p class=\"stk-block-subtitle__text stk-subtitle has-text-align-center\"><strong><span style=\"color: var(--theme-palette-color-3, #4d5d6d);\" class=\"stk-highlight\">VISUALIZAMOS<\/span><\/strong><\/p><\/div>\n<\/div><\/div><\/div><\/div>\n<\/div><a class=\"stk-link stk-block-link stk--transparent-overlay\" href=\"https:\/\/bprot.com\/en\/visualizamos\/\" aria-hidden=\"true\" tabindex=\"-1\"><\/a><\/div><\/div>\n\n\n\n<div class=\"wp-block-stackable-column stk-block-column stk-column stk-block stk-6073959\" data-v=\"4\" data-block-id=\"6073959\"><div class=\"stk-column-wrapper stk-block-column__content stk-container stk-6073959-container stk--no-background stk--no-padding\"><div class=\"stk-block-content stk-inner-blocks stk-6073959-inner-blocks\">\n<div class=\"wp-block-stackable-card stk-block-card stk-block stk-357f6c9 is-style-default\" data-v=\"2\" data-block-id=\"357f6c9\"><div class=\"stk--no-padding stk-container stk-357f6c9-container stk-hover-parent\"><figure class=\"stk-block-card__image stk-img-wrapper stk-image--shape-stretch\"><img loading=\"lazy\" decoding=\"async\" class=\"stk-img wp-image-969\" src=\"https:\/\/bprot.com\/wp-content\/uploads\/2025\/10\/riesgos1.webp\" width=\"410\" height=\"289\" alt=\"visualizar\" srcset=\"https:\/\/bprot.com\/wp-content\/uploads\/2025\/10\/riesgos1.webp 410w, https:\/\/bprot.com\/wp-content\/uploads\/2025\/10\/riesgos1-300x211.webp 300w\" sizes=\"auto, (max-width: 410px) 100vw, 410px\" \/><\/figure><div class=\"stk-container-padding stk-block-card__content\"><div class=\"stk-block-content stk-inner-blocks stk-357f6c9-inner-blocks\">\n<div class=\"wp-block-stackable-subtitle stk-block-subtitle stk-block stk-2ee926a\" data-block-id=\"2ee926a\"><p class=\"stk-block-subtitle__text stk-subtitle has-text-align-center\"><strong><span style=\"color: var(--theme-palette-color-3, #4d5d6d);\" class=\"stk-highlight\">IDENTIFICAMOS<\/span><\/strong><\/p><\/div>\n<\/div><\/div><\/div><\/div>\n<\/div><a class=\"stk-link stk-block-link stk--transparent-overlay\" href=\"https:\/\/bprot.com\/en\/identificamos\/\" aria-hidden=\"true\" tabindex=\"-1\"><\/a><\/div><\/div>\n\n\n\n<div class=\"wp-block-stackable-column stk-block-column stk-column stk-block stk-9e26f99\" data-v=\"4\" data-block-id=\"9e26f99\"><div class=\"stk-column-wrapper stk-block-column__content stk-container stk-9e26f99-container stk--no-background stk--no-padding\"><div class=\"stk-block-content stk-inner-blocks stk-9e26f99-inner-blocks\">\n<div class=\"wp-block-stackable-card stk-block-card stk-block stk-6e6dff7 is-style-default\" data-v=\"2\" data-block-id=\"6e6dff7\"><div class=\"stk--no-padding stk-container stk-6e6dff7-container stk-hover-parent\"><figure class=\"stk-block-card__image stk-img-wrapper stk-image--shape-stretch\"><img loading=\"lazy\" decoding=\"async\" class=\"stk-img wp-image-978\" src=\"https:\/\/bprot.com\/wp-content\/uploads\/2025\/10\/medir2.webp\" width=\"410\" height=\"289\" alt=\"visualizar\" srcset=\"https:\/\/bprot.com\/wp-content\/uploads\/2025\/10\/medir2.webp 410w, https:\/\/bprot.com\/wp-content\/uploads\/2025\/10\/medir2-300x211.webp 300w\" sizes=\"auto, (max-width: 410px) 100vw, 410px\" \/><\/figure><div class=\"stk-container-padding stk-block-card__content\"><div class=\"stk-block-content stk-inner-blocks stk-6e6dff7-inner-blocks\">\n<div class=\"wp-block-stackable-subtitle stk-block-subtitle stk-block stk-3082ec0\" data-block-id=\"3082ec0\"><p class=\"stk-block-subtitle__text stk-subtitle has-text-align-center\"><strong><span style=\"color: var(--theme-palette-color-3, #4d5d6d);\" class=\"stk-highlight\">MEDIMOS<\/span><\/strong><\/p><\/div>\n<\/div><\/div><\/div><\/div>\n<\/div><a class=\"stk-link stk-block-link stk--transparent-overlay\" href=\"https:\/\/bprot.com\/en\/medimos\/\" aria-hidden=\"true\" tabindex=\"-1\"><\/a><\/div><\/div>\n\n\n\n<div class=\"wp-block-stackable-column stk-block-column stk-column stk-block stk-4bdb1e7\" data-v=\"4\" data-block-id=\"4bdb1e7\"><div class=\"stk-column-wrapper stk-block-column__content stk-container stk-4bdb1e7-container stk--no-background stk--no-padding\"><div class=\"stk-block-content stk-inner-blocks stk-4bdb1e7-inner-blocks\">\n<div class=\"wp-block-stackable-card stk-block-card stk-block stk-9fb870e is-style-default\" data-v=\"2\" data-block-id=\"9fb870e\"><div class=\"stk--no-padding stk-container stk-9fb870e-container stk-hover-parent\"><figure class=\"stk-block-card__image stk-img-wrapper stk-image--shape-stretch\"><img loading=\"lazy\" decoding=\"async\" class=\"stk-img wp-image-968\" src=\"https:\/\/bprot.com\/wp-content\/uploads\/2025\/10\/proteger1.webp\" width=\"410\" height=\"289\" alt=\"visualizar\" srcset=\"https:\/\/bprot.com\/wp-content\/uploads\/2025\/10\/proteger1.webp 410w, https:\/\/bprot.com\/wp-content\/uploads\/2025\/10\/proteger1-300x211.webp 300w\" sizes=\"auto, (max-width: 410px) 100vw, 410px\" \/><\/figure><div class=\"stk-container-padding stk-block-card__content\"><div class=\"stk-block-content stk-inner-blocks stk-9fb870e-inner-blocks\">\n<div class=\"wp-block-stackable-subtitle stk-block-subtitle stk-block stk-d253d17\" data-block-id=\"d253d17\"><p class=\"stk-block-subtitle__text stk-subtitle has-text-align-center\"><strong><span style=\"color: var(--theme-palette-color-3, #4d5d6d);\" class=\"stk-highlight\">PROTEGEMOS<\/span><\/strong><\/p><\/div>\n<\/div><\/div><\/div><\/div>\n<\/div><a class=\"stk-link stk-block-link stk--transparent-overlay\" href=\"https:\/\/bprot.com\/en\/protegemos\/\" aria-hidden=\"true\" tabindex=\"-1\"><\/a><\/div><\/div>\n\n\n\n<div class=\"wp-block-stackable-column stk-block-column stk-column stk-block stk-17dc392\" data-v=\"4\" data-block-id=\"17dc392\"><div class=\"stk-column-wrapper stk-block-column__content stk-container stk-17dc392-container stk--no-background stk--no-padding\"><div class=\"stk-block-content stk-inner-blocks stk-17dc392-inner-blocks\">\n<div class=\"wp-block-stackable-card stk-block-card stk-block stk-c080bb5 is-style-default\" data-v=\"2\" data-block-id=\"c080bb5\"><div class=\"stk--no-padding stk-container stk-c080bb5-container stk-hover-parent\"><figure class=\"stk-block-card__image stk-img-wrapper stk-image--shape-stretch\"><img loading=\"lazy\" decoding=\"async\" class=\"stk-img wp-image-979\" src=\"https:\/\/bprot.com\/wp-content\/uploads\/2025\/10\/optimizar2.webp\" width=\"410\" height=\"289\" alt=\"visualizar\" srcset=\"https:\/\/bprot.com\/wp-content\/uploads\/2025\/10\/optimizar2.webp 410w, https:\/\/bprot.com\/wp-content\/uploads\/2025\/10\/optimizar2-300x211.webp 300w\" sizes=\"auto, (max-width: 410px) 100vw, 410px\" \/><\/figure><div class=\"stk-container-padding stk-block-card__content\"><div class=\"stk-block-content stk-inner-blocks stk-c080bb5-inner-blocks\">\n<div class=\"wp-block-stackable-subtitle stk-block-subtitle stk-block stk-e9660cc\" data-block-id=\"e9660cc\"><p class=\"stk-block-subtitle__text stk-subtitle has-text-align-center\"><strong><span style=\"color: var(--theme-palette-color-3, #4d5d6d);\" class=\"stk-highlight\">OPTIMIZAMOS<\/span><\/strong><\/p><\/div>\n<\/div><\/div><\/div><\/div>\n<\/div><a class=\"stk-link stk-block-link stk--transparent-overlay\" href=\"https:\/\/bprot.com\/en\/optimizamos\/\" aria-hidden=\"true\" tabindex=\"-1\"><\/a><\/div><\/div>\n\n\n\n<div class=\"wp-block-stackable-column stk-block-column stk-column stk-block stk-81c81d5\" data-v=\"4\" data-block-id=\"81c81d5\"><div class=\"stk-column-wrapper stk-block-column__content stk-container stk-81c81d5-container stk--no-background stk--no-padding\"><div class=\"stk-block-content stk-inner-blocks stk-81c81d5-inner-blocks\">\n<div class=\"wp-block-stackable-card stk-block-card stk-block stk-d4e7b25 is-style-default\" data-v=\"2\" data-block-id=\"d4e7b25\"><div class=\"stk--no-padding stk-container stk-d4e7b25-container stk-hover-parent\"><figure class=\"stk-block-card__image stk-img-wrapper stk-image--shape-stretch\"><img loading=\"lazy\" decoding=\"async\" class=\"stk-img wp-image-966\" src=\"https:\/\/bprot.com\/wp-content\/uploads\/2025\/10\/conocer1.webp\" width=\"410\" height=\"289\" alt=\"visualizar\" srcset=\"https:\/\/bprot.com\/wp-content\/uploads\/2025\/10\/conocer1.webp 410w, https:\/\/bprot.com\/wp-content\/uploads\/2025\/10\/conocer1-300x211.webp 300w\" sizes=\"auto, (max-width: 410px) 100vw, 410px\" \/><\/figure><div class=\"stk-container-padding stk-block-card__content\"><div class=\"stk-block-content stk-inner-blocks stk-d4e7b25-inner-blocks\">\n<div class=\"wp-block-stackable-subtitle stk-block-subtitle stk-block stk-148709a\" data-block-id=\"148709a\"><p class=\"stk-block-subtitle__text stk-subtitle has-text-align-center\"><strong><span style=\"color: var(--theme-palette-color-3, #4d5d6d);\" class=\"stk-highlight\">CONOCEMOS<\/span><\/strong><\/p><\/div>\n<\/div><\/div><\/div><\/div>\n<\/div><a class=\"stk-link stk-block-link stk--transparent-overlay\" href=\"https:\/\/bprot.com\/en\/conocemos\/\" aria-hidden=\"true\" tabindex=\"-1\"><\/a><\/div><\/div>\n<\/div><\/div>","protected":false},"excerpt":{"rendered":"<p>Medimos: convertir la seguridad en resultados medibles En la mayor\u00eda de las organizaciones, la ciberseguridad suele percibirse como un costo o una obligaci\u00f3n. Sin embargo, cuando se gestiona correctamente, se convierte en una inversi\u00f3n estrat\u00e9gica que aporta valor tangible. El desaf\u00edo est\u00e1 en poder medir su impacto real: \u00bfqu\u00e9 tan protegida est\u00e1 su empresa? \u00bfqu\u00e9 [&hellip;]<\/p>\n","protected":false},"author":1,"featured_media":0,"parent":0,"menu_order":0,"comment_status":"closed","ping_status":"closed","template":"","meta":{"footnotes":""},"class_list":["post-1063","page","type-page","status-publish","hentry"],"blocksy_meta":[],"_links":{"self":[{"href":"https:\/\/bprot.com\/en\/wp-json\/wp\/v2\/pages\/1063","targetHints":{"allow":["GET"]}}],"collection":[{"href":"https:\/\/bprot.com\/en\/wp-json\/wp\/v2\/pages"}],"about":[{"href":"https:\/\/bprot.com\/en\/wp-json\/wp\/v2\/types\/page"}],"author":[{"embeddable":true,"href":"https:\/\/bprot.com\/en\/wp-json\/wp\/v2\/users\/1"}],"replies":[{"embeddable":true,"href":"https:\/\/bprot.com\/en\/wp-json\/wp\/v2\/comments?post=1063"}],"version-history":[{"count":3,"href":"https:\/\/bprot.com\/en\/wp-json\/wp\/v2\/pages\/1063\/revisions"}],"predecessor-version":[{"id":1089,"href":"https:\/\/bprot.com\/en\/wp-json\/wp\/v2\/pages\/1063\/revisions\/1089"}],"wp:attachment":[{"href":"https:\/\/bprot.com\/en\/wp-json\/wp\/v2\/media?parent=1063"}],"curies":[{"name":"wp","href":"https:\/\/api.w.org\/{rel}","templated":true}]}}