{"id":1069,"date":"2025-11-11T22:16:44","date_gmt":"2025-11-11T21:16:44","guid":{"rendered":"https:\/\/bprot.com\/?page_id=1069"},"modified":"2025-11-12T00:53:13","modified_gmt":"2025-11-11T23:53:13","slug":"conocemos","status":"publish","type":"page","link":"https:\/\/bprot.com\/en\/conocemos\/","title":{"rendered":"We know"},"content":{"rendered":"<div class=\"wp-block-stackable-columns alignfull stk-block-columns stk-block stk-3fd5620 stk-block-background stk--has-background-overlay\" data-block-id=\"3fd5620\"><style>.stk-3fd5620 {background-image:url(https:\/\/bprot.com\/wp-content\/uploads\/2025\/09\/cabecera-2.webp) !important;min-height:var(--stk--preset--block-height--none, 0px) !important;padding-top:0px !important;padding-right:0px !important;padding-bottom:0px !important;padding-left:0px !important;margin-top:-200px !important;margin-bottom:var(--stk--preset--spacing--none, 0px) !important;}.stk-3fd5620-column{--stk-column-gap:35px !important;}<\/style><div class=\"stk-row stk-inner-blocks stk-block-content stk-content-align stk-3fd5620-column\">\n<div class=\"wp-block-stackable-column stk-block-column stk-column stk-block stk-5ee2a41\" data-v=\"4\" data-block-id=\"5ee2a41\"><style>.stk-5ee2a41-container{margin-top:var(--stk--preset--spacing--none, 0px) !important;margin-right:var(--stk--preset--spacing--none, 0px) !important;margin-bottom:var(--stk--preset--spacing--none, 0px) !important;margin-left:var(--stk--preset--spacing--none, 0px) !important;min-height:var(--stk--preset--block-height--none, 0px) !important;}.stk-5ee2a41-inner-blocks{column-gap:29px !important;}.stk-5ee2a41 {min-height:var(--stk--preset--block-height--x-large, 24rem) !important;}@media screen and (min-width:690px){.stk-5ee2a41 {flex:var(--stk-flex-grow, 1) 1 calc(45% - var(--stk-column-gap, 0px) * 1 \/ 2 ) !important;}}<\/style><div class=\"stk-column-wrapper stk-block-column__content stk-container stk-5ee2a41-container stk--no-background stk--no-padding\"><div class=\"stk--block-horizontal-flex stk-block-content stk-inner-blocks stk-5ee2a41-inner-blocks\"><\/div><\/div><\/div>\n\n\n\n<div class=\"wp-block-stackable-column stk-block-column stk-column stk-block stk-4ac8693\" data-v=\"4\" data-block-id=\"4ac8693\"><style>@media screen and (min-width:690px){.stk-4ac8693 {flex:var(--stk-flex-grow, 1) 1 calc(55% - var(--stk-column-gap, 0px) * 1 \/ 2 ) !important;}}<\/style><div class=\"stk-column-wrapper stk-block-column__content stk-container stk-4ac8693-container stk--no-background stk--no-padding\"><div class=\"stk-block-content stk-inner-blocks stk-4ac8693-inner-blocks\"><\/div><\/div><\/div>\n<\/div><\/div>\n\n\n\n<div class=\"wp-block-media-text is-stacked-on-mobile\"><figure class=\"wp-block-media-text__media\"><img loading=\"lazy\" decoding=\"async\" width=\"410\" height=\"289\" src=\"https:\/\/bprot.com\/wp-content\/uploads\/2025\/10\/conocer1.webp\" alt=\"conocer\" class=\"wp-image-966 size-full\" srcset=\"https:\/\/bprot.com\/wp-content\/uploads\/2025\/10\/conocer1.webp 410w, https:\/\/bprot.com\/wp-content\/uploads\/2025\/10\/conocer1-300x211.webp 300w\" sizes=\"auto, (max-width: 410px) 100vw, 410px\" \/><\/figure><div class=\"wp-block-media-text__content\">\n<p class=\"has-x-large-font-size\"><strong><span style=\"color: #ff6900;\" class=\"stk-highlight\">We Know:<\/span> intelligence that drives secure decisions<\/strong><\/p>\n<\/div><\/div>\n\n\n\n<p><span style=\"color: var(--theme-palette-color-3, #4d5d6d);\" class=\"stk-highlight\">In cybersecurity, the difference between reacting and anticipating lies in knowledge.<br>Knowing the threats, understanding the behaviour of the environment and learning from each event is what enables you to make quick and effective decisions.<br>Many organisations have technology, but lack <strong>contextual information and actionable intelligence<\/strong> to truly understand what is happening and why.<\/span><\/p>\n\n\n\n<p><strong>Bprot<\/strong> transforms data into knowledge.<br>Through continuous analysis, advanced correlation and threat intelligence, we offer you <strong>a deep understanding of your digital environment and the risks your business faces<\/strong>.<\/p>\n\n\n\n<h3 class=\"wp-block-heading\"><strong><span style=\"color: var(--theme-palette-color-3, #4d5d6d);\" class=\"stk-highlight\">How we do it<\/span><\/strong><\/h3>\n\n\n\n<p>Our platform combines technical observation with strategic understanding.<br>We collect activity, behaviour and threat data, analyse them in context and turn them into useful information for the different levels of the organisation.<\/p>\n\n\n\n<p><span style=\"color: var(--theme-palette-color-3, #4d5d6d);\" class=\"stk-highlight\">It\u2019s not just about detecting alerts: it\u2019s about <strong>understanding patterns, anticipating and blocking attacks and strengthening the strategy.<\/strong>.<br>Furthermore, <strong>Bprot<\/strong> incorporates global and local threat intelligence, allowing you to identify new tactics, emerging vulnerabilities and trends that affect your sector.<\/span><\/p>\n\n\n\n<p>With that knowledge, your company gains the ability to adapt quickly, reduce uncertainty and optimise investment and protection decisions.<\/p>\n\n\n\n<h3 class=\"wp-block-heading\"><strong><span style=\"color: var(--theme-palette-color-3, #4d5d6d);\" class=\"stk-highlight\">Why choose BPROT<\/span><\/strong><\/h3>\n\n\n\n<ul class=\"wp-block-list\">\n<li class=\"has-palette-color-3-color has-text-color has-link-color wp-elements-939925b08485f53f21e31bb3ff4539fa\"><strong>Actionable knowledge:<\/strong> turn technical data into strategic information.<\/li>\n\n\n\n<li><strong>Risk anticipation:<\/strong> detect trends and threats before they affect your business.<\/li>\n\n\n\n<li><strong>Context and clarity:<\/strong> understand the \u201cwhy\u201d behind every incident or alert.<\/li>\n\n\n\n<li class=\"has-palette-color-3-color has-text-color has-link-color wp-elements-74b869af5de30442bd10d9f71e0b2465\"><strong>Continuous improvement:<\/strong> constant learning that strengthens your security posture day by day.<\/li>\n<\/ul>\n\n\n\n<p><span style=\"color: var(--theme-palette-color-3, #4d5d6d);\" class=\"stk-highlight\">In a world where threats change every hour, knowledge becomes the best defence.<br>Whith <strong>Bprot<\/strong>your company not only protects, <strong>but learns, evolves and grows stronger<\/strong> with each experience.<\/span><\/p>\n\n\n\n<div class=\"wp-block-stackable-text stk-block-text stk-block stk-28b17a4 stk-block-background\" data-block-id=\"28b17a4\"><style>.stk-28b17a4 {background-color:#ff6900 !important;}.stk-28b17a4:before{background-color:#ff6900 !important;}.stk-28b17a4 .stk-block-text__text{font-size:var(--stk--preset--font-size--large, 30px) !important;}@media screen and (max-width:999px){.stk-28b17a4 .stk-block-text__text{font-size:var(--stk--preset--font-size--large, 30px) !important;}}<\/style><p class=\"stk-block-text__text\"><strong><span style=\"color: #fffffe;\" class=\"stk-highlight\">Discover the power of BPROT\u2019s applied intelligence<\/span><\/strong><\/p><\/div>\n\n\n\n<p class=\"has-medium-font-size\"><strong><span style=\"color: var(--theme-palette-color-3, #4d5d6d);\" class=\"stk-highlight\">Schedule a meeting with our specialists and discover how to turn information into secure and strategic decisions for your organisation.<\/span><\/strong><\/p>\n\n\n\n<div class=\"wp-block-stackable-button-group stk-block-button-group stk-block stk-dc0fafc\" data-block-id=\"dc0fafc\"><div class=\"stk-row stk-inner-blocks stk-block-content stk-button-group\">\n<div class=\"wp-block-stackable-button stk-block-button stk-block stk-c8747f9\" data-block-id=\"c8747f9\"><a class=\"stk-link stk-button stk--hover-effect-darken\" href=\"https:\/\/bprot.com\/en\/agenda\/\"><span class=\"stk-button__inner-text\">SCHEDULE MEETING<\/span><\/a><\/div>\n<\/div><\/div>\n\n\n\n<div class=\"wp-block-stackable-columns stk-block-columns stk-block stk-fcb86a8\" data-block-id=\"fcb86a8\"><div class=\"stk-row stk-inner-blocks stk-block-content stk-content-align stk-fcb86a8-column\">\n<div class=\"wp-block-stackable-column stk-block-column stk-column stk-block stk-710dc9f\" data-v=\"4\" data-block-id=\"710dc9f\"><div class=\"stk-column-wrapper stk-block-column__content stk-container stk-710dc9f-container stk--no-background stk--no-padding\"><div class=\"stk-block-content stk-inner-blocks stk-710dc9f-inner-blocks\">\n<div class=\"wp-block-stackable-card stk-block-card stk-block stk-c8a9027 is-style-default\" data-v=\"2\" data-block-id=\"c8a9027\"><div class=\"stk--no-padding stk-container stk-c8a9027-container stk-hover-parent\"><figure class=\"stk-block-card__image stk-img-wrapper stk-image--shape-stretch\"><img loading=\"lazy\" decoding=\"async\" class=\"stk-img wp-image-971\" src=\"https:\/\/bprot.com\/wp-content\/uploads\/2025\/10\/visualizar1.webp\" width=\"410\" height=\"289\" alt=\"visualizar\" srcset=\"https:\/\/bprot.com\/wp-content\/uploads\/2025\/10\/visualizar1.webp 410w, https:\/\/bprot.com\/wp-content\/uploads\/2025\/10\/visualizar1-300x211.webp 300w\" sizes=\"auto, (max-width: 410px) 100vw, 410px\" \/><\/figure><div class=\"stk-container-padding stk-block-card__content\"><div class=\"stk-block-content stk-inner-blocks stk-c8a9027-inner-blocks\">\n<div class=\"wp-block-stackable-subtitle stk-block-subtitle stk-block stk-db0c421\" data-block-id=\"db0c421\"><p class=\"stk-block-subtitle__text stk-subtitle has-text-align-center\"><strong><span style=\"color: var(--theme-palette-color-3, #4d5d6d);\" class=\"stk-highlight\">VISUALIZAMOS<\/span><\/strong><\/p><\/div>\n<\/div><\/div><\/div><\/div>\n<\/div><a class=\"stk-link stk-block-link stk--transparent-overlay\" href=\"https:\/\/bprot.com\/en\/visualizamos\/\" aria-hidden=\"true\" tabindex=\"-1\"><\/a><\/div><\/div>\n\n\n\n<div class=\"wp-block-stackable-column stk-block-column stk-column stk-block stk-6073959\" data-v=\"4\" data-block-id=\"6073959\"><div class=\"stk-column-wrapper stk-block-column__content stk-container stk-6073959-container stk--no-background stk--no-padding\"><div class=\"stk-block-content stk-inner-blocks stk-6073959-inner-blocks\">\n<div class=\"wp-block-stackable-card stk-block-card stk-block stk-357f6c9 is-style-default\" data-v=\"2\" data-block-id=\"357f6c9\"><div class=\"stk--no-padding stk-container stk-357f6c9-container stk-hover-parent\"><figure class=\"stk-block-card__image stk-img-wrapper stk-image--shape-stretch\"><img loading=\"lazy\" decoding=\"async\" class=\"stk-img wp-image-969\" src=\"https:\/\/bprot.com\/wp-content\/uploads\/2025\/10\/riesgos1.webp\" width=\"410\" height=\"289\" alt=\"visualizar\" srcset=\"https:\/\/bprot.com\/wp-content\/uploads\/2025\/10\/riesgos1.webp 410w, https:\/\/bprot.com\/wp-content\/uploads\/2025\/10\/riesgos1-300x211.webp 300w\" sizes=\"auto, (max-width: 410px) 100vw, 410px\" \/><\/figure><div class=\"stk-container-padding stk-block-card__content\"><div class=\"stk-block-content stk-inner-blocks stk-357f6c9-inner-blocks\">\n<div class=\"wp-block-stackable-subtitle stk-block-subtitle stk-block stk-2ee926a\" data-block-id=\"2ee926a\"><p class=\"stk-block-subtitle__text stk-subtitle has-text-align-center\"><strong><span style=\"color: var(--theme-palette-color-3, #4d5d6d);\" class=\"stk-highlight\">IDENTIFICAMOS<\/span><\/strong><\/p><\/div>\n<\/div><\/div><\/div><\/div>\n<\/div><a class=\"stk-link stk-block-link stk--transparent-overlay\" href=\"https:\/\/bprot.com\/en\/identificamos\/\" aria-hidden=\"true\" tabindex=\"-1\"><\/a><\/div><\/div>\n\n\n\n<div class=\"wp-block-stackable-column stk-block-column stk-column stk-block stk-9e26f99\" data-v=\"4\" data-block-id=\"9e26f99\"><div class=\"stk-column-wrapper stk-block-column__content stk-container stk-9e26f99-container stk--no-background stk--no-padding\"><div class=\"stk-block-content stk-inner-blocks stk-9e26f99-inner-blocks\">\n<div class=\"wp-block-stackable-card stk-block-card stk-block stk-6e6dff7 is-style-default\" data-v=\"2\" data-block-id=\"6e6dff7\"><div class=\"stk--no-padding stk-container stk-6e6dff7-container stk-hover-parent\"><figure class=\"stk-block-card__image stk-img-wrapper stk-image--shape-stretch\"><img loading=\"lazy\" decoding=\"async\" class=\"stk-img wp-image-978\" src=\"https:\/\/bprot.com\/wp-content\/uploads\/2025\/10\/medir2.webp\" width=\"410\" height=\"289\" alt=\"visualizar\" srcset=\"https:\/\/bprot.com\/wp-content\/uploads\/2025\/10\/medir2.webp 410w, https:\/\/bprot.com\/wp-content\/uploads\/2025\/10\/medir2-300x211.webp 300w\" sizes=\"auto, (max-width: 410px) 100vw, 410px\" \/><\/figure><div class=\"stk-container-padding stk-block-card__content\"><div class=\"stk-block-content stk-inner-blocks stk-6e6dff7-inner-blocks\">\n<div class=\"wp-block-stackable-subtitle stk-block-subtitle stk-block stk-3082ec0\" data-block-id=\"3082ec0\"><p class=\"stk-block-subtitle__text stk-subtitle has-text-align-center\"><strong><span style=\"color: var(--theme-palette-color-3, #4d5d6d);\" class=\"stk-highlight\">MEDIMOS<\/span><\/strong><\/p><\/div>\n<\/div><\/div><\/div><\/div>\n<\/div><a class=\"stk-link stk-block-link stk--transparent-overlay\" href=\"https:\/\/bprot.com\/en\/medimos\/\" aria-hidden=\"true\" tabindex=\"-1\"><\/a><\/div><\/div>\n\n\n\n<div class=\"wp-block-stackable-column stk-block-column stk-column stk-block stk-4bdb1e7\" data-v=\"4\" data-block-id=\"4bdb1e7\"><div class=\"stk-column-wrapper stk-block-column__content stk-container stk-4bdb1e7-container stk--no-background stk--no-padding\"><div class=\"stk-block-content stk-inner-blocks stk-4bdb1e7-inner-blocks\">\n<div class=\"wp-block-stackable-card stk-block-card stk-block stk-9fb870e is-style-default\" data-v=\"2\" data-block-id=\"9fb870e\"><div class=\"stk--no-padding stk-container stk-9fb870e-container stk-hover-parent\"><figure class=\"stk-block-card__image stk-img-wrapper stk-image--shape-stretch\"><img loading=\"lazy\" decoding=\"async\" class=\"stk-img wp-image-968\" src=\"https:\/\/bprot.com\/wp-content\/uploads\/2025\/10\/proteger1.webp\" width=\"410\" height=\"289\" alt=\"visualizar\" srcset=\"https:\/\/bprot.com\/wp-content\/uploads\/2025\/10\/proteger1.webp 410w, https:\/\/bprot.com\/wp-content\/uploads\/2025\/10\/proteger1-300x211.webp 300w\" sizes=\"auto, (max-width: 410px) 100vw, 410px\" \/><\/figure><div class=\"stk-container-padding stk-block-card__content\"><div class=\"stk-block-content stk-inner-blocks stk-9fb870e-inner-blocks\">\n<div class=\"wp-block-stackable-subtitle stk-block-subtitle stk-block stk-d253d17\" data-block-id=\"d253d17\"><p class=\"stk-block-subtitle__text stk-subtitle has-text-align-center\"><strong><span style=\"color: var(--theme-palette-color-3, #4d5d6d);\" class=\"stk-highlight\">PROTEGEMOS<\/span><\/strong><\/p><\/div>\n<\/div><\/div><\/div><\/div>\n<\/div><a class=\"stk-link stk-block-link stk--transparent-overlay\" href=\"https:\/\/bprot.com\/en\/protegemos\/\" aria-hidden=\"true\" tabindex=\"-1\"><\/a><\/div><\/div>\n\n\n\n<div class=\"wp-block-stackable-column stk-block-column stk-column stk-block stk-17dc392\" data-v=\"4\" data-block-id=\"17dc392\"><div class=\"stk-column-wrapper stk-block-column__content stk-container stk-17dc392-container stk--no-background stk--no-padding\"><div class=\"stk-block-content stk-inner-blocks stk-17dc392-inner-blocks\">\n<div class=\"wp-block-stackable-card stk-block-card stk-block stk-c080bb5 is-style-default\" data-v=\"2\" data-block-id=\"c080bb5\"><div class=\"stk--no-padding stk-container stk-c080bb5-container stk-hover-parent\"><figure class=\"stk-block-card__image stk-img-wrapper stk-image--shape-stretch\"><img loading=\"lazy\" decoding=\"async\" class=\"stk-img wp-image-979\" src=\"https:\/\/bprot.com\/wp-content\/uploads\/2025\/10\/optimizar2.webp\" width=\"410\" height=\"289\" alt=\"visualizar\" srcset=\"https:\/\/bprot.com\/wp-content\/uploads\/2025\/10\/optimizar2.webp 410w, https:\/\/bprot.com\/wp-content\/uploads\/2025\/10\/optimizar2-300x211.webp 300w\" sizes=\"auto, (max-width: 410px) 100vw, 410px\" \/><\/figure><div class=\"stk-container-padding stk-block-card__content\"><div class=\"stk-block-content stk-inner-blocks stk-c080bb5-inner-blocks\">\n<div class=\"wp-block-stackable-subtitle stk-block-subtitle stk-block stk-e9660cc\" data-block-id=\"e9660cc\"><p class=\"stk-block-subtitle__text stk-subtitle has-text-align-center\"><strong><span style=\"color: var(--theme-palette-color-3, #4d5d6d);\" class=\"stk-highlight\">OPTIMIZAMOS<\/span><\/strong><\/p><\/div>\n<\/div><\/div><\/div><\/div>\n<\/div><a class=\"stk-link stk-block-link stk--transparent-overlay\" href=\"https:\/\/bprot.com\/en\/optimizamos\/\" aria-hidden=\"true\" tabindex=\"-1\"><\/a><\/div><\/div>\n\n\n\n<div class=\"wp-block-stackable-column stk-block-column stk-column stk-block stk-81c81d5\" data-v=\"4\" data-block-id=\"81c81d5\"><div class=\"stk-column-wrapper stk-block-column__content stk-container stk-81c81d5-container stk--no-background stk--no-padding\"><div class=\"stk-block-content stk-inner-blocks stk-81c81d5-inner-blocks\">\n<div class=\"wp-block-stackable-card stk-block-card stk-block stk-d4e7b25 is-style-default\" data-v=\"2\" data-block-id=\"d4e7b25\"><div class=\"stk--no-padding stk-container stk-d4e7b25-container stk-hover-parent\"><figure class=\"stk-block-card__image stk-img-wrapper stk-image--shape-stretch\"><img loading=\"lazy\" decoding=\"async\" class=\"stk-img wp-image-966\" src=\"https:\/\/bprot.com\/wp-content\/uploads\/2025\/10\/conocer1.webp\" width=\"410\" height=\"289\" alt=\"visualizar\" srcset=\"https:\/\/bprot.com\/wp-content\/uploads\/2025\/10\/conocer1.webp 410w, https:\/\/bprot.com\/wp-content\/uploads\/2025\/10\/conocer1-300x211.webp 300w\" sizes=\"auto, (max-width: 410px) 100vw, 410px\" \/><\/figure><div class=\"stk-container-padding stk-block-card__content\"><div class=\"stk-block-content stk-inner-blocks stk-d4e7b25-inner-blocks\">\n<div class=\"wp-block-stackable-subtitle stk-block-subtitle stk-block stk-148709a\" data-block-id=\"148709a\"><p class=\"stk-block-subtitle__text stk-subtitle has-text-align-center\"><strong><span style=\"color: var(--theme-palette-color-3, #4d5d6d);\" class=\"stk-highlight\">CONOCEMOS<\/span><\/strong><\/p><\/div>\n<\/div><\/div><\/div><\/div>\n<\/div><a class=\"stk-link stk-block-link stk--transparent-overlay\" href=\"https:\/\/bprot.com\/en\/conocemos\/\" aria-hidden=\"true\" tabindex=\"-1\"><\/a><\/div><\/div>\n<\/div><\/div>","protected":false},"excerpt":{"rendered":"<p>Conocemos: inteligencia que impulsa decisiones seguras En ciberseguridad, la diferencia entre reaccionar y anticiparse est\u00e1 en el conocimiento.Conocer las amenazas, entender los comportamientos del entorno y aprender de cada evento es lo que permite tomar decisiones r\u00e1pidas y efectivas.Muchas organizaciones cuentan con tecnolog\u00eda, pero carecen de informaci\u00f3n contextual e inteligencia aplicable para comprender realmente qu\u00e9 [&hellip;]<\/p>\n","protected":false},"author":1,"featured_media":0,"parent":0,"menu_order":0,"comment_status":"closed","ping_status":"closed","template":"","meta":{"footnotes":""},"class_list":["post-1069","page","type-page","status-publish","hentry"],"blocksy_meta":[],"_links":{"self":[{"href":"https:\/\/bprot.com\/en\/wp-json\/wp\/v2\/pages\/1069","targetHints":{"allow":["GET"]}}],"collection":[{"href":"https:\/\/bprot.com\/en\/wp-json\/wp\/v2\/pages"}],"about":[{"href":"https:\/\/bprot.com\/en\/wp-json\/wp\/v2\/types\/page"}],"author":[{"embeddable":true,"href":"https:\/\/bprot.com\/en\/wp-json\/wp\/v2\/users\/1"}],"replies":[{"embeddable":true,"href":"https:\/\/bprot.com\/en\/wp-json\/wp\/v2\/comments?post=1069"}],"version-history":[{"count":4,"href":"https:\/\/bprot.com\/en\/wp-json\/wp\/v2\/pages\/1069\/revisions"}],"predecessor-version":[{"id":1087,"href":"https:\/\/bprot.com\/en\/wp-json\/wp\/v2\/pages\/1069\/revisions\/1087"}],"wp:attachment":[{"href":"https:\/\/bprot.com\/en\/wp-json\/wp\/v2\/media?parent=1069"}],"curies":[{"name":"wp","href":"https:\/\/api.w.org\/{rel}","templated":true}]}}