{"id":607,"date":"2022-06-15T10:18:17","date_gmt":"2022-06-15T10:18:17","guid":{"rendered":"https:\/\/startersites.io\/stagingfour\/?page_id=607"},"modified":"2026-04-15T22:39:12","modified_gmt":"2026-04-16T01:39:12","slug":"about","status":"publish","type":"page","link":"https:\/\/bprot.com\/en\/about\/","title":{"rendered":"Bprot"},"content":{"rendered":"<div class=\"wp-block-stackable-columns alignfull stk-block-columns stk-block stk-51b2b12 stk-block-background stk--has-background-overlay\" data-block-id=\"51b2b12\"><style>.stk-51b2b12 .stk--block-align-51b2b12{align-items:center !important;}.stk-51b2b12 {background-image:url(https:\/\/bprot.com\/wp-content\/uploads\/2020\/08\/ryota-nagasaka-w_5TUm7Xa00-unsplash2.jpg) !important;background-position:bottom center !important;background-repeat:no-repeat !important;background-size:cover !important;padding-top:300px !important;padding-bottom:200px !important;margin-bottom:0px !important;}.stk-51b2b12-column{--stk-column-gap:35px !important;row-gap:35px !important;}@media screen and (max-width:999px){.stk-51b2b12 {padding-top:250px !important;padding-bottom:150px !important;}}@media screen and (max-width:689px){.stk-51b2b12 {padding-top:150px !important;padding-bottom:100px !important;}}<\/style><div class=\"stk-row stk-inner-blocks stk--block-align-51b2b12 stk-block-content stk-content-align stk-51b2b12-column\">\n<div class=\"wp-block-stackable-column stk-block-column stk-column stk-block stk-3a43e6b\" data-v=\"4\" data-block-id=\"3a43e6b\"><style>.stk-3a43e6b-container{margin-top:0px !important;margin-right:0px !important;margin-bottom:0px !important;margin-left:0px !important;}@media screen and (min-width:690px){.stk-3a43e6b {flex:var(--stk-flex-grow, 1) 1 calc(50% - var(--stk-column-gap, 0px) * 1 \/ 2 ) !important;}}@media screen and (min-width:690px) and (max-width:999px){.stk-3a43e6b {flex:var(--stk-flex-grow, 1) 1 calc(55% - var(--stk-column-gap, 0px) * 1 \/ 2 ) !important;}}<\/style><div class=\"stk-column-wrapper stk-block-column__content stk-container stk-3a43e6b-container stk--no-background stk--no-padding\"><div class=\"has-text-align-center-mobile stk-block-content stk-inner-blocks stk-3a43e6b-inner-blocks\">\n<div class=\"wp-block-stackable-heading stk-block-heading stk-block-heading--v2 stk-block stk-7225c59\" id=\"una-vision-completa-sin-complicaciones\" data-block-id=\"7225c59\"><style>.stk-7225c59 {margin-bottom:10px !important;}.stk-7225c59 .stk-block-heading__text{font-size:45px !important;color:var(--theme-palette-color-8, #ffffff) !important;line-height:1.3em !important;font-weight:800 !important;}@media screen and (max-width:999px){.stk-7225c59 .stk-block-heading__text{font-size:40px !important;}}@media screen and (max-width:689px){.stk-7225c59 .stk-block-heading__text{font-size:30px !important;}}<\/style><h2 class=\"stk-block-heading__text has-text-color\">A full vision, without complications.<\/h2><\/div>\n\n\n\n<h5 class=\"wp-block-heading\"><span style=\"color: var(--theme-palette-color-8, #ffffff);\" class=\"stk-highlight\">While other solutions focus on reacting, BPROT offers you full visibility and preventive control over what happens in your network.<\/span><\/h5>\n\n\n\n<ul class=\"wp-block-list\">\n<li class=\"has-palette-color-8-color has-text-color has-link-color has-medium-font-size wp-elements-022bdb0045bdff262c355c26e38f66d2\">Immediate installation without modifying your current infrastructure.<\/li>\n\n\n\n<li class=\"has-palette-color-8-color has-text-color has-link-color has-medium-font-size wp-elements-5b42239c111e0fb53ec4092b8f7d64b0\"> Real-time threat detection and blocking.<\/li>\n\n\n\n<li class=\"has-palette-color-8-color has-text-color has-link-color has-medium-font-size wp-elements-9ff53ebecdd807c5436a3062059f758d\">Productivity and user behaviour analysis.<\/li>\n\n\n\n<li class=\"has-palette-color-8-color has-text-color has-link-color has-medium-font-size wp-elements-62fe38ff53f781956395d7d92e9fb4ab\">Clear and actionable executive reports.<\/li>\n\n\n\n<li class=\"has-palette-color-8-color has-text-color has-link-color has-medium-font-size wp-elements-6258962b12c52d0bb8d6c09060f464a6\">Human support and expert guidance.<\/li>\n<\/ul>\n\n\n\n<ul class=\"wp-block-list\">\n<li><\/li>\n<\/ul>\n<\/div><\/div><\/div>\n\n\n\n<div class=\"wp-block-stackable-column stk-block-column stk-column stk-block stk-0e2597c\" data-v=\"4\" data-block-id=\"0e2597c\"><style>.stk-0e2597c-container{margin-top:0px !important;margin-right:0px !important;margin-bottom:0px !important;margin-left:0px !important;}@media screen and (min-width:690px){.stk-0e2597c {flex:var(--stk-flex-grow, 1) 1 calc(50% - var(--stk-column-gap, 0px) * 1 \/ 2 ) !important;}}@media screen and (min-width:690px) and (max-width:999px){.stk-0e2597c {flex:var(--stk-flex-grow, 1) 1 calc(45% - var(--stk-column-gap, 0px) * 1 \/ 2 ) !important;}}<\/style><div class=\"stk-column-wrapper stk-block-column__content stk-container stk-0e2597c-container stk--no-background stk--no-padding\"><div class=\"stk-block-content stk-inner-blocks stk-0e2597c-inner-blocks\">\n<div class=\"wp-block-stackable-video-popup stk-block-video-popup stk-block stk-cc1343a\" data-video=\"https:\/\/www.youtube.com\/watch?v=n9YqRPv-ulM\" data-block-id=\"cc1343a\"><div class=\"stk-block-video-popup__overlay stk-row stk-inner-blocks stk-block-content stk-hover-parent\" aria-label=\"Reproducir v\u00eddeo\" tabindex=\"0\" role=\"button\">\n<div class=\"wp-block-stackable-icon stk-block-icon has-text-align-center ct-pulse stk-block stk-7895d61 stk--has-lightbox\" data-block-id=\"7895d61\"><style>.stk-7895d61 .stk--svg-wrapper .stk--inner-svg svg:last-child{height:30px !important;width:30px !important;}.stk-7895d61 .stk--svg-wrapper .stk--inner-svg svg:last-child, .stk-7895d61 .stk--svg-wrapper .stk--inner-svg svg:last-child :is(g, path, rect, polygon, ellipse){fill:var(--theme-palette-color-8, #ffffff) !important;}.stk-7895d61 .stk--svg-wrapper .stk--inner-svg{background-color:#7456f1 !important;border-radius:50% !important;padding:20px !important;}@media screen and (max-width:689px){.stk-7895d61 .stk--svg-wrapper .stk--inner-svg svg:last-child{height:20px !important;width:20px !important;}}<\/style><a class=\"stk-link\" href=\"https:\/\/bprot.com\/videos\/BPROT-producto.mp4\"><span class=\"stk--svg-wrapper\"><div class=\"stk--inner-svg\"><svg style=\"height:0;width:0\"><defs><lineargradient id=\"linear-gradient-7895d61\" x1=\"0\" x2=\"100%\" y1=\"0\" y2=\"0\"><stop offset=\"0%\" style=\"stop-opacity:1;stop-color:var(--linear-gradient-7895-d-61-color-1)\"><\/stop><stop offset=\"100%\" style=\"stop-opacity:1;stop-color:var(--linear-gradient-7895-d-61-color-2)\"><\/stop><\/lineargradient><\/defs><\/svg><svg data-prefix=\"fas\" data-icon=\"play\" class=\"svg-inline--fa fa-play fa-w-14\" xmlns=\"http:\/\/www.w3.org\/2000\/svg\" viewbox=\"0 0 448 512\" aria-hidden=\"true\" width=\"32\" height=\"32\"><path fill=\"currentColor\" d=\"M424.4 214.7L72.4 6.6C43.8-10.3 0 6.1 0 47.9V464c0 37.5 40.7 60.1 72.4 41.3l352-208c31.4-18.5 31.5-64.1 0-82.6z\"><\/path><\/svg><\/div><\/span><\/a><\/div>\n\n\n\n<div class=\"wp-block-stackable-image stk-block-image stk-block stk-d59858e\" data-block-id=\"d59858e\"><\/div>\n<\/div><\/div>\n<\/div><\/div><\/div>\n<\/div><\/div>\n\n\n\n<div class=\"wp-block-stackable-spacer stk-block-spacer stk--no-padding stk-block stk-b2c1613\" data-block-id=\"b2c1613\"><style>.stk-b2c1613 {height:130px !important;}@media screen and (max-width:999px){.stk-b2c1613 {height:70px !important;}}<\/style><\/div>\n\n\n\n<div class=\"wp-block-stackable-button-group stk-block-button-group stk-block stk-763412b\" data-block-id=\"763412b\"><div class=\"stk-row stk-inner-blocks has-text-align-center stk-block-content stk-button-group\">\n<div class=\"wp-block-stackable-button stk-block-button stk-block stk-6496571\" data-block-id=\"6496571\"><a class=\"stk-link stk-button stk--hover-effect-darken\" href=\"https:\/\/bprot.com\/wp-content\/uploads\/2025\/11\/BPROT-SAF-EN.pdf\"><span class=\"stk-button__inner-text\">AVAILABLE MODULES<\/span><\/a><\/div>\n\n\n\n<div class=\"wp-block-stackable-button stk-block-button has-text-align-center stk-block stk-c06ad33\" data-block-id=\"c06ad33\"><a class=\"stk-link stk-button stk--hover-effect-darken\" href=\"https:\/\/bprot.com\/en\/funcionalidades\/\"><span class=\"stk-button__inner-text\">Listado de funcionalidades<\/span><\/a><\/div>\n<\/div><\/div>\n\n\n\n<div class=\"wp-block-stackable-columns stk-block-columns stk-block stk-e84acda\" data-block-id=\"e84acda\"><style>.stk-e84acda .stk--block-align-e84acda{align-items:center !important;}.stk-e84acda {margin-bottom:0px !important;}.stk-e84acda-column{--stk-column-gap:50px !important;row-gap:50px !important;}@media screen and (max-width:999px){.stk-e84acda-column{--stk-column-gap:30px !important;}}<\/style><div class=\"stk-row stk-inner-blocks stk--block-align-e84acda stk-block-content stk-content-align stk-e84acda-column\">\n<div class=\"wp-block-stackable-column stk-block-column stk-column stk-block stk-cfe225c\" data-v=\"4\" data-block-id=\"cfe225c\"><style>.stk-cfe225c-container{margin-top:0px !important;margin-right:0px !important;margin-bottom:0px !important;margin-left:0px !important;}@media screen and (min-width:690px){.stk-cfe225c {flex:var(--stk-flex-grow, 1) 1 calc(45% - var(--stk-column-gap, 0px) * 1 \/ 2 ) !important;}}@media screen and (min-width:690px) and (max-width:999px){.stk-cfe225c {flex:var(--stk-flex-grow, 1) 1 calc(40% - var(--stk-column-gap, 0px) * 1 \/ 2 ) !important;}}<\/style><div class=\"stk-column-wrapper stk-block-column__content stk-container stk-cfe225c-container stk--no-background stk--no-padding\"><div class=\"stk-block-content stk-inner-blocks stk-cfe225c-inner-blocks\">\n<div class=\"wp-block-stackable-image stk-block-image stk-block stk-6c5aab5\" data-block-id=\"6c5aab5\"><figure><span class=\"stk-img-wrapper stk-image--shape-stretch\"><img loading=\"lazy\" decoding=\"async\" class=\"stk-img wp-image-756\" src=\"https:\/\/bprot.com\/wp-content\/uploads\/2025\/08\/servicio.webp\" width=\"600\" height=\"600\" alt=\"servicio\" srcset=\"https:\/\/bprot.com\/wp-content\/uploads\/2025\/08\/servicio.webp 600w, https:\/\/bprot.com\/wp-content\/uploads\/2025\/08\/servicio-300x300.webp 300w, https:\/\/bprot.com\/wp-content\/uploads\/2025\/08\/servicio-100x100.webp 100w, https:\/\/bprot.com\/wp-content\/uploads\/2025\/08\/servicio-500x500.webp 500w, https:\/\/bprot.com\/wp-content\/uploads\/2025\/08\/servicio-150x150.webp 150w\" sizes=\"auto, (max-width: 600px) 100vw, 600px\" \/><\/span><\/figure><\/div>\n<\/div><\/div><\/div>\n\n\n\n<div class=\"wp-block-stackable-column stk-block-column stk-column stk-block stk-fb8865e\" data-v=\"4\" data-block-id=\"fb8865e\"><style>.stk-fb8865e-container{margin-top:0px !important;margin-right:0px !important;margin-bottom:0px !important;margin-left:0px !important;}@media screen and (min-width:690px){.stk-fb8865e {flex:var(--stk-flex-grow, 1) 1 calc(55% - var(--stk-column-gap, 0px) * 1 \/ 2 ) !important;}}@media screen and (min-width:690px) and (max-width:999px){.stk-fb8865e {flex:var(--stk-flex-grow, 1) 1 calc(60% - var(--stk-column-gap, 0px) * 1 \/ 2 ) !important;}}<\/style><div class=\"stk-column-wrapper stk-block-column__content stk-container stk-fb8865e-container stk--no-background stk--no-padding\"><div class=\"has-text-align-center-mobile stk-block-content stk-inner-blocks stk-fb8865e-inner-blocks\">\n<div class=\"wp-block-stackable-heading stk-block-heading stk-block-heading--v2 stk-block stk-4ead935\" id=\"servicio\" data-block-id=\"4ead935\"><style>.stk-4ead935 {margin-bottom:20px !important;}.stk-4ead935 .stk-block-heading__text{font-size:25px !important;}@media screen and (max-width:999px){.stk-4ead935 .stk-block-heading__text{font-size:25px !important;}}<\/style><h2 class=\"stk-block-heading__text stk-block-heading--use-theme-margins\">Service<\/h2><\/div>\n\n\n\n<div class=\"wp-block-stackable-divider stk-block-divider has-text-align-left has-text-align-center-mobile stk-block stk-c5b9e13 is-style-bar\" data-block-id=\"c5b9e13\"><style>.stk-c5b9e13 hr.stk-block-divider__hr{background:var(--theme-palette-color-1, #7456f1) !important;border-radius:calc(3px \/ 2) !important;height:3px !important;width:10% !important;}.stk-c5b9e13 {margin-bottom:30px !important;}<\/style><hr class=\"stk-block-divider__hr\"\/><\/div>\n\n\n\n<div class=\"wp-block-stackable-columns stk-block-columns stk-block stk-84cd38e\" data-block-id=\"84cd38e\"><style>.stk-84cd38e-column{--stk-column-gap:30px !important;row-gap:30px !important;}<\/style><div class=\"stk-row stk-inner-blocks stk-block-content stk-content-align stk-84cd38e-column\">\n<div class=\"wp-block-stackable-column stk-block-column stk-column stk-block stk-ea81aec\" data-v=\"4\" data-block-id=\"ea81aec\"><style>.stk-ea81aec-container{margin-top:0px !important;margin-right:0px !important;margin-bottom:0px !important;margin-left:0px !important;}<\/style><div class=\"stk-column-wrapper stk-block-column__content stk-container stk-ea81aec-container stk--no-background stk--no-padding\"><div class=\"stk-block-content stk-inner-blocks stk-ea81aec-inner-blocks\">\n<div class=\"wp-block-stackable-text stk-block-text stk-block stk-117410e\" data-block-id=\"117410e\"><style>.stk-117410e {margin-bottom:30px !important;}<\/style><p class=\"stk-block-text__text\">BPROT is a company exclusively dedicated to the development of cybersecurity technologies, provision of services and data protection.<\/p><\/div>\n\n\n\n<p><br>With more than 11 years of uninterrupted history, providing digital protection in an accelerated world where hacks never stop, we have developed human resources, software, experiences and knowledge that is hard to match.<\/p>\n\n\n\n<p><br>Experience gained based on years of interaction with clients from different sectors, knowing and understanding their needs and adapting the value proposition for each of them.<\/p>\n\n\n\n<p><br>Professionals with international certifications (master\u2019s degree in cybersecurity), continuously trained.<\/p>\n\n\n\n<p><br>Know-how developed throughout all the projects implemented both locally and internationally.<\/p>\n<\/div><\/div><\/div>\n<\/div><\/div>\n<\/div><\/div><\/div>\n<\/div><\/div>\n\n\n\n<div class=\"wp-block-stackable-divider stk-block-divider stk-block stk-64d5cd6\" data-block-id=\"64d5cd6\"><hr class=\"stk-block-divider__hr\"\/><\/div>\n\n\n\n<div class=\"wp-block-stackable-columns stk-block-columns stk-block stk-150a159\" data-block-id=\"150a159\"><div class=\"stk-row stk-inner-blocks stk-block-content stk-content-align stk-150a159-column\">\n<div class=\"wp-block-stackable-column stk-block-column stk-column stk-block stk-db479b9\" data-v=\"4\" data-block-id=\"db479b9\"><style>@media screen and (min-width:690px){.stk-db479b9 {flex:var(--stk-flex-grow, 1) 1 66.7% !important;}}<\/style><div class=\"stk-column-wrapper stk-block-column__content stk-container stk-db479b9-container stk--no-background stk--no-padding\"><div class=\"stk-block-content stk-inner-blocks stk-db479b9-inner-blocks\">\n<div class=\"wp-block-stackable-heading stk-block-heading stk-block-heading--v2 stk-block stk-b38960e\" id=\"strong-span-style-color-var-theme-palette-color-3-4-d-5-d-6-d-class-stk-highlight-bprot-es-el-sistema-inmunologico-digital-para-su-empresa-span-strong\" data-block-id=\"b38960e\"><h2 class=\"stk-block-heading__text\"><strong><span style=\"color: var(--theme-palette-color-3, #4d5d6d);\" class=\"stk-highlight\">BPROT is the digital immune system for your company.<\/span><\/strong><\/h2><\/div>\n\n\n\n<p>Monitor, detect and neutralize attacks before they impact.<br>All on a simple platform, with agile implementation and without affecting operations.<\/p>\n\n\n\n<p><\/p>\n<\/div><\/div><\/div>\n\n\n\n<div class=\"wp-block-stackable-column stk-block-column stk-column stk-block stk-b8dd1b0\" data-v=\"4\" data-block-id=\"b8dd1b0\"><style>@media screen and (min-width:690px){.stk-b8dd1b0 {flex:var(--stk-flex-grow, 1) 1 33.3% !important;}}<\/style><div class=\"stk-column-wrapper stk-block-column__content stk-container stk-b8dd1b0-container stk--no-background stk--no-padding\"><div class=\"stk-block-content stk-inner-blocks stk-b8dd1b0-inner-blocks\">\n<figure class=\"wp-block-video\"><video height=\"1920\" style=\"aspect-ratio: 1080 \/ 1920;\" width=\"1080\" controls poster=\"https:\/\/bprot.com\/wp-content\/uploads\/2026\/03\/video-play2.webp\" src=\"https:\/\/bprot.com\/wp-content\/uploads\/2026\/03\/BPROT-40.mp4\"><\/video><\/figure>\n<\/div><\/div><\/div>\n<\/div><\/div>\n\n\n\n<div class=\"wp-block-stackable-spacer stk-block-spacer stk--no-padding stk-block stk-bf33017\" data-block-id=\"bf33017\"><style>.stk-bf33017 {height:130px !important;}@media screen and (max-width:999px){.stk-bf33017 {height:70px !important;}}<\/style><\/div>\n\n\n\n<div class=\"wp-block-stackable-columns alignfull stk-block-columns stk-block stk-80ce3af stk-block-background stk--has-background-overlay\" data-block-id=\"80ce3af\"><style>.stk-80ce3af {background-color:linear-gradient(180deg, #ffffff 50%, var(--theme-palette-color-4, #102136) 50%) !important;margin-bottom:0px !important;}.stk-80ce3af:before{background-image:linear-gradient(180deg, #ffffff 50%, var(--theme-palette-color-4, #102136) 50%) !important;}<\/style><div class=\"stk-row stk-inner-blocks stk-block-content stk-content-align stk-80ce3af-column\">\n<div class=\"wp-block-stackable-column stk-block-column stk-column stk-block stk-6ddbaf2 stk-block-background stk--has-background-overlay\" data-v=\"4\" data-block-id=\"6ddbaf2\"><style>.stk-6ddbaf2-container{margin-top:0px !important;margin-right:0px !important;margin-bottom:0px !important;margin-left:0px !important;}.stk-6ddbaf2 {background-image:url(https:\/\/bprot.com\/wp-content\/uploads\/2020\/08\/campaign-creators-qCi_MzVODoU-unsplash.jpg) !important;border-radius:10px !important;overflow:hidden !important;padding-top:100px !important;padding-right:300px !important;padding-bottom:100px !important;padding-left:300px !important;}@media screen and (max-width:999px){.stk-6ddbaf2 {padding-top:80px !important;padding-right:150px !important;padding-bottom:80px !important;padding-left:150px !important;}}@media screen and (max-width:689px){.stk-6ddbaf2 {padding-top:60px !important;padding-right:50px !important;padding-bottom:60px !important;padding-left:50px !important;}}<\/style><div class=\"stk-column-wrapper stk-block-column__content stk-container stk-6ddbaf2-container stk--no-background stk--no-padding\"><div class=\"has-text-align-center stk-block-content stk-inner-blocks stk-6ddbaf2-inner-blocks\">\n<div class=\"wp-block-stackable-heading stk-block-heading stk-block-heading--v2 stk-block stk-8054442\" id=\"aun-no-se-decide\" data-block-id=\"8054442\"><style>.stk-8054442 {margin-bottom:10px !important;}.stk-8054442 .stk-block-heading__text{color:var(--theme-palette-color-8, #ffffff) !important;font-weight:800 !important;}@media screen and (max-width:689px){.stk-8054442 .stk-block-heading__text{font-size:25px !important;}}<\/style><h2 class=\"stk-block-heading__text has-text-color stk-block-heading--use-theme-margins\">Still haven\u2019t decided?<\/h2><\/div>\n\n\n\n<h5 class=\"wp-block-heading\"><span style=\"color: #fffffe;\" class=\"stk-highlight\">With BPROT, you take control of your cybersecurity.<\/span><\/h5>\n\n\n\n<p><span style=\"color: var(--theme-palette-color-8, #ffffff);\" class=\"stk-highlight\">Contact us to schedule installation for a trial period<\/span><\/p>\n\n\n\n<div class=\"wp-block-stackable-button-group stk-block-button-group stk-block stk-cc4a772\" data-block-id=\"cc4a772\"><div class=\"stk-row stk-inner-blocks stk-block-content stk-button-group\">\n<div class=\"wp-block-stackable-button stk-block-button stk-block stk-f63b751\" data-block-id=\"f63b751\"><style>.stk-f63b751 .stk-button{padding-top:12px !important;padding-right:30px !important;padding-bottom:12px !important;padding-left:30px !important;}<\/style><a class=\"stk-link stk-button stk--hover-effect-darken\" href=\"https:\/\/bprot.com\/index.php\/contacto\/\"><span class=\"stk-button__inner-text\">CONTACT US<\/span><\/a><\/div>\n<\/div><\/div>\n<\/div><\/div><\/div>\n<\/div><\/div>","protected":false},"excerpt":{"rendered":"<p>Una visi\u00f3n completa, sin complicaciones. Mientras otras soluciones se centran en reaccionar, BPROT le ofrece visibilidad total y control preventivo sobre lo que sucede en su red. M\u00f3dulos disponibles Listado de funcionalidades Servicio Bprot es una empresa dedicada exclusivamente al desarrollo de tecnolog\u00edas de ciberseguridad, prestaci\u00f3n de servicios y protecci\u00f3n de datos. Con m\u00e1s de [&hellip;]<\/p>\n","protected":false},"author":1,"featured_media":0,"parent":0,"menu_order":0,"comment_status":"closed","ping_status":"closed","template":"","meta":{"footnotes":""},"class_list":["post-607","page","type-page","status-publish","hentry"],"blocksy_meta":{"page_title_panel":"","has_hero_section":"disabled","fe1c64ab89945cda534f4bb2d579ae1a":"","hero_section":"type-1","hero_elements":[{"id":"custom_title","enabled":true,"heading_tag":"h1","title":"Home"},{"id":"custom_description","enabled":true,"description_visibility":{"desktop":true,"tablet":true,"mobile":false}},{"id":"custom_meta","enabled":false,"meta_elements":[{"id":"author","enabled":true,"label":"By","has_author_avatar":"yes","avatar_size":25},{"id":"post_date","enabled":true,"label":"On","date_format_source":"default","date_format":"M j, Y"},{"id":"updated_date","enabled":false,"label":"On","date_format_source":"default","date_format":"M j, Y"},{"id":"categories","enabled":false,"label":"In","style":"simple"},{"id":"comments","enabled":true}],"page_meta_elements":{"joined":true,"articles_count":true,"comments":true}},{"id":"breadcrumbs","enabled":false}],"433b02732bec8d55ec282f00a9a700eb":"","hero_alignment1":"CT_CSS_SKIP_RULE","hero_margin":40,"hero_alignment2":"center","hero_vertical_alignment":"center","fdbb34d69d6afe2394c07d96c9ea0b60":"","hero_structure":"narrow","cb306aece5e91b9a44875e4a81075440":"","page_title_bg_type":"featured_image","custom_hero_background":{"attachment_id":null},"page_title_image_size":"full","parallax":{"desktop":false,"tablet":false,"mobile":false},"034bc954f3c533bc75ffdf62670c8395":"","hero_height":"250px","pageTitleFont":{"family":"Default","variation":"Default","size":"30px","line-height":"CT_CSS_SKIP_RULE","letter-spacing":"CT_CSS_SKIP_RULE","text-transform":"CT_CSS_SKIP_RULE","text-decoration":"CT_CSS_SKIP_RULE"},"pageTitleFontColor":{"default":{"color":"CT_CSS_SKIP_RULEDEFAULT"}},"pageMetaFont":{"family":"Default","variation":"n6","size":"12px","line-height":"1.3","letter-spacing":"CT_CSS_SKIP_RULE","text-transform":"uppercase","text-decoration":"CT_CSS_SKIP_RULE"},"pageMetaFontColor":{"default":{"color":"CT_CSS_SKIP_RULEDEFAULT"},"hover":{"color":"CT_CSS_SKIP_RULEDEFAULT"}},"page_meta_button_type_font_colors":{"default":{"color":"CT_CSS_SKIP_RULEDEFAULT"},"hover":{"color":"CT_CSS_SKIP_RULEDEFAULT"}},"page_meta_button_type_background_colors":{"default":{"color":"CT_CSS_SKIP_RULEDEFAULT"},"hover":{"color":"CT_CSS_SKIP_RULEDEFAULT"}},"pageExcerptFont":{"family":"Default","variation":"Default","size":"CT_CSS_SKIP_RULE","line-height":"CT_CSS_SKIP_RULE","letter-spacing":"CT_CSS_SKIP_RULE","text-transform":"CT_CSS_SKIP_RULE","text-decoration":"CT_CSS_SKIP_RULE"},"pageExcerptColor":{"default":{"color":"CT_CSS_SKIP_RULEDEFAULT"}},"breadcrumbsFont":{"family":"Default","variation":"Default","size":"CT_CSS_SKIP_RULE","line-height":"CT_CSS_SKIP_RULE","letter-spacing":"CT_CSS_SKIP_RULE","text-transform":"CT_CSS_SKIP_RULE","text-decoration":"CT_CSS_SKIP_RULE"},"breadcrumbsFontColor":{"default":{"color":"CT_CSS_SKIP_RULEDEFAULT"},"initial":{"color":"CT_CSS_SKIP_RULEDEFAULT"},"hover":{"color":"CT_CSS_SKIP_RULEDEFAULT"}},"pageTitleOverlay":{"background_type":"color","background_pattern":"type-1","background_image":{"attachment_id":null,"x":0,"y":0},"gradient":"linear-gradient(135deg,rgba(6,147,227,1) 0%,rgb(155,81,224) 100%)","background_repeat":"repeat","background_size":"auto","background_attachment":"scroll","patternColor":{"default":{"color":"#e5e7ea"}},"overlayColor":{"default":{"color":"CT_CSS_SKIP_RULE"}},"backgroundColor":{"default":{"color":"CT_CSS_SKIP_RULE"}}},"pageTitleBackground":{"background_type":"color","background_pattern":"type-1","background_image":{"attachment_id":null,"x":0,"y":0},"gradient":"linear-gradient(135deg,rgba(6,147,227,1) 0%,rgb(155,81,224) 100%)","background_repeat":"repeat","background_size":"auto","background_attachment":"scroll","patternColor":{"default":{"color":"#e5e7ea"}},"overlayColor":{"default":{"color":"CT_CSS_SKIP_RULE"}},"backgroundColor":{"default":{"color":"var(--theme-palette-color-6)"}}},"pageTitlePadding":{"top":"50px","bottom":"50px","left":"auto","right":"auto","linked":true},"12e455f30de1d15aed0effbbb6f951bf":"","page_structure_type":"default","f474d2f3ad69b4e64f52dac0a3aa2bb2":"","content_style_source":"inherit","content_style":"wide","vertical_spacing_source":"custom","content_area_spacing":"none","background":{"background_type":"color","background_pattern":"type-1","background_image":{"attachment_id":null,"x":0,"y":0},"gradient":"linear-gradient(135deg,rgba(6,147,227,1) 0%,rgb(155,81,224) 100%)","background_repeat":"repeat","background_size":"auto","background_attachment":"scroll","patternColor":{"default":{"color":"#e5e7ea"}},"overlayColor":{"default":{"color":"CT_CSS_SKIP_RULE"}},"backgroundColor":{"default":{"color":"CT_CSS_SKIP_RULE"}}},"content_background":{"background_type":"color","background_pattern":"type-1","background_image":{"attachment_id":null,"x":0,"y":0},"gradient":"linear-gradient(135deg,rgba(6,147,227,1) 0%,rgb(155,81,224) 100%)","background_repeat":"repeat","background_size":"auto","background_attachment":"scroll","patternColor":{"default":{"color":"#e5e7ea"}},"overlayColor":{"default":{"color":"CT_CSS_SKIP_RULE"}},"backgroundColor":{"default":{"color":"var(--theme-palette-color-8)"}}},"content_boxed_shadow":{"inherit":false,"blur":18,"spread":-6,"v_offset":12,"h_offset":0,"inset":false,"enable":true,"color":{"color":"rgba(34, 56, 101, 0.04)"}},"content_boxed_border":{"width":1,"style":"none","color":{"color":"rgba(44,62,80,0.2)"}},"content_boxed_radius":{"top":"3px","bottom":"3px","left":"3px","right":"3px","linked":true},"boxed_content_spacing":{"desktop":{"top":"40px","bottom":"40px","left":"40px","right":"40px","linked":true},"tablet":{"top":"35px","bottom":"35px","left":"35px","right":"35px","linked":true},"mobile":{"top":"20px","bottom":"20px","left":"20px","right":"20px","linked":true}},"fca9f1d1c7aa58a4b21dd78357f6373e":"","disable_featured_image":"no","disable_share_box":"no","disable_header":"no","disable_footer":"no","styles_descriptor":{"styles":{"desktop":"","tablet":"","mobile":""},"google_fonts":[],"version":6}},"_links":{"self":[{"href":"https:\/\/bprot.com\/en\/wp-json\/wp\/v2\/pages\/607","targetHints":{"allow":["GET"]}}],"collection":[{"href":"https:\/\/bprot.com\/en\/wp-json\/wp\/v2\/pages"}],"about":[{"href":"https:\/\/bprot.com\/en\/wp-json\/wp\/v2\/types\/page"}],"author":[{"embeddable":true,"href":"https:\/\/bprot.com\/en\/wp-json\/wp\/v2\/users\/1"}],"replies":[{"embeddable":true,"href":"https:\/\/bprot.com\/en\/wp-json\/wp\/v2\/comments?post=607"}],"version-history":[{"count":13,"href":"https:\/\/bprot.com\/en\/wp-json\/wp\/v2\/pages\/607\/revisions"}],"predecessor-version":[{"id":1190,"href":"https:\/\/bprot.com\/en\/wp-json\/wp\/v2\/pages\/607\/revisions\/1190"}],"wp:attachment":[{"href":"https:\/\/bprot.com\/en\/wp-json\/wp\/v2\/media?parent=607"}],"curies":[{"name":"wp","href":"https:\/\/api.w.org\/{rel}","templated":true}]}}