{"id":741,"date":"2025-08-12T04:55:11","date_gmt":"2025-08-12T02:55:11","guid":{"rendered":"https:\/\/bprot.com\/?page_id=741"},"modified":"2025-09-03T04:37:12","modified_gmt":"2025-09-03T02:37:12","slug":"casos-de-exito","status":"publish","type":"page","link":"https:\/\/bprot.com\/en\/casos-de-exito\/","title":{"rendered":"SUCCESS STORIES"},"content":{"rendered":"<div class=\"wp-block-stackable-columns alignfull stk-block-columns stk-block stk-3fd5620 stk-block-background stk--has-background-overlay\" data-block-id=\"3fd5620\"><style>.stk-3fd5620 {background-image:url(https:\/\/bprot.com\/wp-content\/uploads\/2025\/09\/cabecera-2.webp) !important;min-height:var(--stk--preset--block-height--none, 0px) !important;padding-top:0px !important;padding-right:0px !important;padding-bottom:0px !important;padding-left:0px !important;margin-top:-200px !important;margin-bottom:var(--stk--preset--spacing--none, 0px) !important;}.stk-3fd5620-column{--stk-column-gap:35px !important;}<\/style><div class=\"stk-row stk-inner-blocks stk-block-content stk-content-align stk-3fd5620-column\">\n<div class=\"wp-block-stackable-column stk-block-column stk-column stk-block stk-5ee2a41\" data-v=\"4\" data-block-id=\"5ee2a41\"><style>.stk-5ee2a41-container{margin-top:var(--stk--preset--spacing--none, 0px) !important;margin-right:var(--stk--preset--spacing--none, 0px) !important;margin-bottom:var(--stk--preset--spacing--none, 0px) !important;margin-left:var(--stk--preset--spacing--none, 0px) !important;min-height:var(--stk--preset--block-height--none, 0px) !important;}.stk-5ee2a41-inner-blocks{column-gap:29px !important;}.stk-5ee2a41 {min-height:var(--stk--preset--block-height--x-large, 24rem) !important;}@media screen and (min-width:690px){.stk-5ee2a41 {flex:var(--stk-flex-grow, 1) 1 calc(45% - var(--stk-column-gap, 0px) * 1 \/ 2 ) !important;}}<\/style><div class=\"stk-column-wrapper stk-block-column__content stk-container stk-5ee2a41-container stk--no-background stk--no-padding\"><div class=\"stk--block-horizontal-flex stk-block-content stk-inner-blocks stk-5ee2a41-inner-blocks\"><\/div><\/div><\/div>\n\n\n\n<div class=\"wp-block-stackable-column stk-block-column stk-column stk-block stk-4ac8693\" data-v=\"4\" data-block-id=\"4ac8693\"><style>@media screen and (min-width:690px){.stk-4ac8693 {flex:var(--stk-flex-grow, 1) 1 calc(55% - var(--stk-column-gap, 0px) * 1 \/ 2 ) !important;}}<\/style><div class=\"stk-column-wrapper stk-block-column__content stk-container stk-4ac8693-container stk--no-background stk--no-padding\"><div class=\"stk-block-content stk-inner-blocks stk-4ac8693-inner-blocks\"><\/div><\/div><\/div>\n<\/div><\/div>\n\n\n\n<h5 class=\"wp-block-heading\"><span style=\"color: var(--theme-palette-color-3, #4d5d6d);\" class=\"stk-highlight\">BPROT, a solution adaptable to every need.<\/span><\/h5>\n\n\n\n<div style=\"height:10px\" aria-hidden=\"true\" class=\"wp-block-spacer\"><\/div>\n\n\n\n<hr class=\"wp-block-separator has-text-color has-palette-color-1-color has-alpha-channel-opacity has-palette-color-1-background-color has-background is-style-wide\"\/>\n\n\n\n<div class=\"wp-block-media-text alignwide is-stacked-on-mobile is-vertically-aligned-top\" style=\"grid-template-columns:32% auto\"><figure class=\"wp-block-media-text__media\"><img loading=\"lazy\" decoding=\"async\" width=\"600\" height=\"600\" src=\"https:\/\/bprot.com\/wp-content\/uploads\/2025\/08\/ciudad.webp\" alt=\"\" class=\"wp-image-742 size-full\" srcset=\"https:\/\/bprot.com\/wp-content\/uploads\/2025\/08\/ciudad.webp 600w, https:\/\/bprot.com\/wp-content\/uploads\/2025\/08\/ciudad-300x300.webp 300w, https:\/\/bprot.com\/wp-content\/uploads\/2025\/08\/ciudad-100x100.webp 100w, https:\/\/bprot.com\/wp-content\/uploads\/2025\/08\/ciudad-500x500.webp 500w, https:\/\/bprot.com\/wp-content\/uploads\/2025\/08\/ciudad-150x150.webp 150w\" sizes=\"auto, (max-width: 600px) 100vw, 600px\" \/><\/figure><div class=\"wp-block-media-text__content\">\n<p><strong>Sector: <\/strong>Import, representation and distribution of electrical products.<br><br><strong>Problem:<\/strong> There was a need to control Internet use to prioritise tasks exclusively related to work and prevent inappropriate consumption affecting normal operations. On the other hand, there was strong concern about security and control of confidential information.<\/p>\n\n\n\n<p><br><strong>Solution:<\/strong> The \u201cWeb Browsing Control, Email and Network\u201d modules of <strong>BPROT<\/strong>were installed. Protections were activated, defining browsing usage rules, monitoring rules and email protection as well as general network control.<\/p>\n\n\n\n<p><br><strong>Result:<\/strong> It was possible to raise security levels, improve performance in terms of available bandwidth, optimize use of the company\u2019s vital systems and visualise actual Internet usage by the company for decision making.<\/p>\n<\/div><\/div>\n\n\n\n<hr class=\"wp-block-separator has-text-color has-palette-color-1-color has-alpha-channel-opacity has-palette-color-1-background-color has-background is-style-wide\"\/>\n\n\n\n<div class=\"wp-block-media-text alignwide is-stacked-on-mobile is-vertically-aligned-top\" style=\"grid-template-columns:32% auto\"><figure class=\"wp-block-media-text__media\"><img loading=\"lazy\" decoding=\"async\" width=\"600\" height=\"600\" src=\"https:\/\/bprot.com\/wp-content\/uploads\/2025\/08\/construccion.webp\" alt=\"\" class=\"wp-image-743 size-full\" srcset=\"https:\/\/bprot.com\/wp-content\/uploads\/2025\/08\/construccion.webp 600w, https:\/\/bprot.com\/wp-content\/uploads\/2025\/08\/construccion-300x300.webp 300w, https:\/\/bprot.com\/wp-content\/uploads\/2025\/08\/construccion-100x100.webp 100w, https:\/\/bprot.com\/wp-content\/uploads\/2025\/08\/construccion-500x500.webp 500w, https:\/\/bprot.com\/wp-content\/uploads\/2025\/08\/construccion-150x150.webp 150w\" sizes=\"auto, (max-width: 600px) 100vw, 600px\" \/><\/figure><div class=\"wp-block-media-text__content\">\n<p><strong>Sector:<\/strong> Construction.<\/p>\n\n\n\n<p><br><strong>Problem: <\/strong>The client has an infrastructure that provides many services to its end-users (both local users and Internet users). These services range from email, management applications, web applications, VPNs, etc. Due to company policies, they needed to minimise incident response times, increase security to reduce them and guarantee service availability.<\/p>\n\n\n\n<p><br><strong>Solution:<\/strong> . <strong>Bprot<\/strong> was installed using the \u201cWeb Browsing Control, Network, Email and Web Application\u201d modules.<\/p>\n\n\n\n<p><br><strong>Result:<\/strong> It was possible to optimise Internet consumption through the implementation of navigation-level policies and restriction in the use of non-work-related applications. At the email level they managed to reduce malicious emails to approximately 6,000 per month, while at the network protection level, BPROT is blocking access involving around 90,000 monthly events to all company services.<\/p>\n<\/div><\/div>\n\n\n\n<hr class=\"wp-block-separator has-text-color has-palette-color-1-color has-alpha-channel-opacity has-palette-color-1-background-color has-background is-style-wide\"\/>\n\n\n\n<div class=\"wp-block-media-text alignwide is-stacked-on-mobile is-vertically-aligned-top\" style=\"grid-template-columns:32% auto\"><figure class=\"wp-block-media-text__media\"><img loading=\"lazy\" decoding=\"async\" width=\"600\" height=\"600\" src=\"https:\/\/bprot.com\/wp-content\/uploads\/2025\/08\/television.webp\" alt=\"\" class=\"wp-image-744 size-full\" srcset=\"https:\/\/bprot.com\/wp-content\/uploads\/2025\/08\/television.webp 600w, https:\/\/bprot.com\/wp-content\/uploads\/2025\/08\/television-300x300.webp 300w, https:\/\/bprot.com\/wp-content\/uploads\/2025\/08\/television-100x100.webp 100w, https:\/\/bprot.com\/wp-content\/uploads\/2025\/08\/television-500x500.webp 500w, https:\/\/bprot.com\/wp-content\/uploads\/2025\/08\/television-150x150.webp 150w\" sizes=\"auto, (max-width: 600px) 100vw, 600px\" \/><\/figure><div class=\"wp-block-media-text__content\">\n<p><strong>Sector: <\/strong>Television<\/p>\n\n\n\n<p><br><strong>Problem:<\/strong> Although the company has few locally hosted services, it needs to guarantee high availability of bandwidth due to heavy Internet usage in all daily operational tasks, such as HD videos, real-time responses, etc.<\/p>\n\n\n\n<p><br><strong>Solution:<\/strong> . <strong>Bprot<\/strong> was installed with the modules \u201cWeb Browsing Control, Network Control and Proactive Security\u201d.<\/p>\n\n\n\n<p><br><strong>Result:<\/strong> The client was guaranteed correct Internet use by users, ensured the proper availability of daily-use applications through the policy implementation and also managed to increase real-time security levels and identify vulnerable equipment and infrastructure.<\/p>\n<\/div><\/div>\n\n\n\n<hr class=\"wp-block-separator has-text-color has-palette-color-1-color has-alpha-channel-opacity has-palette-color-1-background-color has-background is-style-wide\"\/>\n\n\n\n<div class=\"wp-block-group alignfull has-text-color has-background is-layout-flow wp-block-group-is-layout-flow\" style=\"color:#000000;background-color:#ffffff\">\n<h2 class=\"wp-block-heading has-text-align-center\" id=\"schedule-a-visit\" style=\"font-size:clamp(32.969px, 2.061rem + ((1vw - 3.2px) * 2.034), 59px);px;line-height:1.15\"><strong><span style=\"color: var(--theme-palette-color-1, #44a0e7);\" class=\"stk-highlight\">Schedule a meeting<\/span><\/strong><\/h2>\n\n\n\n<div class=\"wp-block-buttons is-horizontal is-content-justification-center is-layout-flex wp-container-core-buttons-is-layout-03627597 wp-block-buttons-is-layout-flex\">\n<div class=\"wp-block-button has-custom-width wp-block-button__width-50 is-style-outline is-style-outline--1\"><a class=\"wp-block-button__link has-vivid-cyan-blue-background-color has-text-color has-background wp-element-button\" href=\"https:\/\/bprot.com\/index.php\/contacto\/\" style=\"border-radius:50px;color:#ffffff\">DISCOVER HOW WE CAN HELP YOU<\/a><\/div>\n<\/div>\n\n\n\n<div style=\"height:64px\" aria-hidden=\"true\" class=\"wp-block-spacer\"><\/div>\n<\/div>\n\n\n\n<p><\/p>","protected":false},"excerpt":{"rendered":"<p>Bprot, una soluci\u00f3n adaptable a cada necesidad. Rubro: Importaci\u00f3n, representaci\u00f3n y distribuci\u00f3n de productos el\u00e9ctricos. Problema: Se ten\u00eda la necesidad de controlar el uso de Internet para priorizar las tareas relacionadas exclusivamente con el trabajo y evitar que el consumo inapropiado afectara la normal operativa. Por otro lado, se ten\u00eda mucha preocupaci\u00f3n por la seguridad [&hellip;]<\/p>\n","protected":false},"author":1,"featured_media":0,"parent":0,"menu_order":0,"comment_status":"closed","ping_status":"closed","template":"","meta":{"footnotes":""},"class_list":["post-741","page","type-page","status-publish","hentry"],"blocksy_meta":[],"_links":{"self":[{"href":"https:\/\/bprot.com\/en\/wp-json\/wp\/v2\/pages\/741","targetHints":{"allow":["GET"]}}],"collection":[{"href":"https:\/\/bprot.com\/en\/wp-json\/wp\/v2\/pages"}],"about":[{"href":"https:\/\/bprot.com\/en\/wp-json\/wp\/v2\/types\/page"}],"author":[{"embeddable":true,"href":"https:\/\/bprot.com\/en\/wp-json\/wp\/v2\/users\/1"}],"replies":[{"embeddable":true,"href":"https:\/\/bprot.com\/en\/wp-json\/wp\/v2\/comments?post=741"}],"version-history":[{"count":10,"href":"https:\/\/bprot.com\/en\/wp-json\/wp\/v2\/pages\/741\/revisions"}],"predecessor-version":[{"id":895,"href":"https:\/\/bprot.com\/en\/wp-json\/wp\/v2\/pages\/741\/revisions\/895"}],"wp:attachment":[{"href":"https:\/\/bprot.com\/en\/wp-json\/wp\/v2\/media?parent=741"}],"curies":[{"name":"wp","href":"https:\/\/api.w.org\/{rel}","templated":true}]}}